{"id":824,"date":"2025-11-07T10:14:03","date_gmt":"2025-11-07T15:14:03","guid":{"rendered":"https:\/\/jlconsultingtax.com\/?page_id=824"},"modified":"2025-11-10T13:54:30","modified_gmt":"2025-11-10T18:54:30","slug":"agente-registrado","status":"publish","type":"page","link":"https:\/\/jlconsultingtax.com\/english\/agente-registrado\/","title":{"rendered":"Agente registrado"},"content":{"rendered":"<div data-elementor-type=\"wp-page\" data-elementor-id=\"824\" class=\"elementor elementor-824\">\n\t\t\t\t<div class=\"elementor-element elementor-element-b70b2af e-flex e-con-boxed e-con e-parent\" data-id=\"b70b2af\" data-element_type=\"container\" data-settings=\"{&quot;background_background&quot;:&quot;classic&quot;}\">\n\t\t\t\t\t<div class=\"e-con-inner\">\n\t\t\t\t<div class=\"elementor-element elementor-element-e6c221a elementor-widget elementor-widget-heading\" data-id=\"e6c221a\" data-element_type=\"widget\" data-widget_type=\"heading.default\">\n\t\t\t\t\t<h1 class=\"elementor-heading-title elementor-size-default\">Agente Registrado<\/h1>\t\t\t\t<\/div>\n\t\t\t\t\t<\/div>\n\t\t\t\t<\/div>\n\t\t<div class=\"elementor-element elementor-element-2c891a9 e-flex e-con-boxed e-con e-parent\" data-id=\"2c891a9\" data-element_type=\"container\">\n\t\t\t\t\t<div class=\"e-con-inner\">\n\t\t<div class=\"elementor-element elementor-element-06cc022 e-con-full e-flex e-con e-child\" data-id=\"06cc022\" data-element_type=\"container\">\n\t\t\t\t<div class=\"elementor-element elementor-element-9e232e2 elementor-widget elementor-widget-text-editor\" data-id=\"9e232e2\" data-element_type=\"widget\" data-widget_type=\"text-editor.default\">\n\t\t\t\t\t\t\t\t\t<p data-start=\"231\" data-end=\"569\">Toda empresa formalmente constituida en Estados Unidos \u2014ya sea una LLC, Corporaci\u00f3n o Entidad sin Fines de Lucro\u2014 est\u00e1 obligada por ley a designar un <strong data-start=\"381\" data-end=\"402\">Agente Registrado<\/strong> en el estado donde opera. Este representante es quien recibe <strong data-start=\"464\" data-end=\"544\">notificaciones oficiales, documentos legales y correspondencia gubernamental<\/strong> en nombre de tu negocio.<\/p><p data-start=\"231\" data-end=\"569\">At <strong data-start=\"574\" data-end=\"595\">JL Consulting Tax<\/strong> actuamos como tu Agente Registrado autorizado, asegurando que tu empresa cumpla con las regulaciones estatales y nunca pase por alto una comunicaci\u00f3n importante que pueda derivar en sanciones o la p\u00e9rdida de tu estatus legal.<\/p>\t\t\t\t\t\t\t\t<\/div>\n\t\t\t\t<div class=\"elementor-element elementor-element-2392b7e elementor-widget elementor-widget-image\" data-id=\"2392b7e\" data-element_type=\"widget\" data-widget_type=\"image.default\">\n\t\t\t\t\t\t\t\t\t\t\t\t\t\t\t<img fetchpriority=\"high\" decoding=\"async\" width=\"1024\" height=\"678\" src=\"https:\/\/jlconsultingtax.com\/wp-content\/uploads\/2025\/11\/pexels-photo-653429-653429-1024x678.jpg\" class=\"attachment-large size-large wp-image-813\" alt=\"Close-up of a businessman in a suit giving a thumbs up gesture, symbolizing success.\" srcset=\"https:\/\/jlconsultingtax.com\/wp-content\/uploads\/2025\/11\/pexels-photo-653429-653429-1024x678.jpg 1024w, https:\/\/jlconsultingtax.com\/wp-content\/uploads\/2025\/11\/pexels-photo-653429-653429-300x199.jpg 300w, https:\/\/jlconsultingtax.com\/wp-content\/uploads\/2025\/11\/pexels-photo-653429-653429-768x509.jpg 768w, https:\/\/jlconsultingtax.com\/wp-content\/uploads\/2025\/11\/pexels-photo-653429-653429-1536x1017.jpg 1536w, https:\/\/jlconsultingtax.com\/wp-content\/uploads\/2025\/11\/pexels-photo-653429-653429-2048x1356.jpg 2048w, https:\/\/jlconsultingtax.com\/wp-content\/uploads\/2025\/11\/pexels-photo-653429-653429-18x12.jpg 18w\" sizes=\"(max-width: 1024px) 100vw, 1024px\" \/>\t\t\t\t\t\t\t\t\t\t\t\t\t\t\t<\/div>\n\t\t\t\t<\/div>\n\t\t<div class=\"elementor-element elementor-element-f181e1d e-con-full e-flex e-con e-child\" data-id=\"f181e1d\" data-element_type=\"container\">\n\t\t\t\t<div class=\"elementor-element elementor-element-7813bc6 elementor-hidden-mobile elementor-widget elementor-widget-image\" data-id=\"7813bc6\" data-element_type=\"widget\" data-widget_type=\"image.default\">\n\t\t\t\t\t\t\t\t\t\t\t\t\t\t\t<img decoding=\"async\" width=\"683\" height=\"1024\" src=\"https:\/\/jlconsultingtax.com\/wp-content\/uploads\/2025\/11\/pexels-photo-6863174-6863174-683x1024.jpg\" class=\"attachment-large size-large wp-image-827\" alt=\"Financial documents and magnifying glass highlight tax season analysis.\" srcset=\"https:\/\/jlconsultingtax.com\/wp-content\/uploads\/2025\/11\/pexels-photo-6863174-6863174-683x1024.jpg 683w, https:\/\/jlconsultingtax.com\/wp-content\/uploads\/2025\/11\/pexels-photo-6863174-6863174-200x300.jpg 200w, https:\/\/jlconsultingtax.com\/wp-content\/uploads\/2025\/11\/pexels-photo-6863174-6863174-768x1152.jpg 768w, https:\/\/jlconsultingtax.com\/wp-content\/uploads\/2025\/11\/pexels-photo-6863174-6863174-1024x1536.jpg 1024w, https:\/\/jlconsultingtax.com\/wp-content\/uploads\/2025\/11\/pexels-photo-6863174-6863174-1365x2048.jpg 1365w, https:\/\/jlconsultingtax.com\/wp-content\/uploads\/2025\/11\/pexels-photo-6863174-6863174-8x12.jpg 8w, https:\/\/jlconsultingtax.com\/wp-content\/uploads\/2025\/11\/pexels-photo-6863174-6863174-scaled.jpg 1707w\" sizes=\"(max-width: 683px) 100vw, 683px\" \/>\t\t\t\t\t\t\t\t\t\t\t\t\t\t\t<\/div>\n\t\t\t\t<div class=\"elementor-element elementor-element-c7d341d elementor-widget elementor-widget-text-editor\" data-id=\"c7d341d\" data-element_type=\"widget\" data-widget_type=\"text-editor.default\">\n\t\t\t\t\t\t\t\t\t<p><strong>\u00bfQu\u00e9 hace un Agente Registrado?<\/strong><\/p>\t\t\t\t\t\t\t\t<\/div>\n\t\t\t\t<div class=\"elementor-element elementor-element-da158d3 elementor-icon-list--layout-traditional elementor-list-item-link-full_width elementor-widget elementor-widget-icon-list\" data-id=\"da158d3\" data-element_type=\"widget\" data-widget_type=\"icon-list.default\">\n\t\t\t\t\t\t\t<ul class=\"elementor-icon-list-items\">\n\t\t\t\t\t\t\t<li class=\"elementor-icon-list-item\">\n\t\t\t\t\t\t\t\t\t\t\t<span class=\"elementor-icon-list-icon\">\n\t\t\t\t\t\t\t<svg aria-hidden=\"true\" class=\"e-font-icon-svg e-fas-check\" viewbox=\"0 0 512 512\" xmlns=\"http:\/\/www.w3.org\/2000\/svg\"><path d=\"M173.898 439.404l-166.4-166.4c-9.997-9.997-9.997-26.206 0-36.204l36.203-36.204c9.997-9.998 26.207-9.998 36.204 0L192 312.69 432.095 72.596c9.997-9.997 26.207-9.997 36.204 0l36.203 36.204c9.997 9.997 9.997 26.206 0 36.204l-294.4 294.401c-9.998 9.997-26.207 9.997-36.204-.001z\"><\/path><\/svg>\t\t\t\t\t\t<\/span>\n\t\t\t\t\t\t\t\t\t\t<span class=\"elementor-icon-list-text\">Recibe citaciones legales y avisos de demanda (Service of Process).<\/span>\n\t\t\t\t\t\t\t\t\t<\/li>\n\t\t\t\t\t\t\t\t<li class=\"elementor-icon-list-item\">\n\t\t\t\t\t\t\t\t\t\t\t<span class=\"elementor-icon-list-icon\">\n\t\t\t\t\t\t\t<svg aria-hidden=\"true\" class=\"e-font-icon-svg e-fas-check\" viewbox=\"0 0 512 512\" xmlns=\"http:\/\/www.w3.org\/2000\/svg\"><path d=\"M173.898 439.404l-166.4-166.4c-9.997-9.997-9.997-26.206 0-36.204l36.203-36.204c9.997-9.998 26.207-9.998 36.204 0L192 312.69 432.095 72.596c9.997-9.997 26.207-9.997 36.204 0l36.203 36.204c9.997 9.997 9.997 26.206 0 36.204l-294.4 294.401c-9.998 9.997-26.207 9.997-36.204-.001z\"><\/path><\/svg>\t\t\t\t\t\t<\/span>\n\t\t\t\t\t\t\t\t\t\t<span class=\"elementor-icon-list-text\">Gestiona correspondencia del Departamento de Estado, IRS y otras autoridades.<\/span>\n\t\t\t\t\t\t\t\t\t<\/li>\n\t\t\t\t\t\t\t\t<li class=\"elementor-icon-list-item\">\n\t\t\t\t\t\t\t\t\t\t\t<span class=\"elementor-icon-list-icon\">\n\t\t\t\t\t\t\t<svg aria-hidden=\"true\" class=\"e-font-icon-svg e-fas-check\" viewbox=\"0 0 512 512\" xmlns=\"http:\/\/www.w3.org\/2000\/svg\"><path d=\"M173.898 439.404l-166.4-166.4c-9.997-9.997-9.997-26.206 0-36.204l36.203-36.204c9.997-9.998 26.207-9.998 36.204 0L192 312.69 432.095 72.596c9.997-9.997 26.207-9.997 36.204 0l36.203 36.204c9.997 9.997 9.997 26.206 0 36.204l-294.4 294.401c-9.998 9.997-26.207 9.997-36.204-.001z\"><\/path><\/svg>\t\t\t\t\t\t<\/span>\n\t\t\t\t\t\t\t\t\t\t<span class=\"elementor-icon-list-text\">Mantiene una direcci\u00f3n f\u00edsica en el estado donde tu compa\u00f1\u00eda est\u00e1 registrada.<\/span>\n\t\t\t\t\t\t\t\t\t<\/li>\n\t\t\t\t\t\t\t\t<li class=\"elementor-icon-list-item\">\n\t\t\t\t\t\t\t\t\t\t\t<span class=\"elementor-icon-list-icon\">\n\t\t\t\t\t\t\t<svg aria-hidden=\"true\" class=\"e-font-icon-svg e-fas-check\" viewbox=\"0 0 512 512\" xmlns=\"http:\/\/www.w3.org\/2000\/svg\"><path d=\"M173.898 439.404l-166.4-166.4c-9.997-9.997-9.997-26.206 0-36.204l36.203-36.204c9.997-9.998 26.207-9.998 36.204 0L192 312.69 432.095 72.596c9.997-9.997 26.207-9.997 36.204 0l36.203 36.204c9.997 9.997 9.997 26.206 0 36.204l-294.4 294.401c-9.998 9.997-26.207 9.997-36.204-.001z\"><\/path><\/svg>\t\t\t\t\t\t<\/span>\n\t\t\t\t\t\t\t\t\t\t<span class=\"elementor-icon-list-text\">Te notifica de manera inmediata y segura sobre cualquier requerimiento.<\/span>\n\t\t\t\t\t\t\t\t\t<\/li>\n\t\t\t\t\t\t\t\t<li class=\"elementor-icon-list-item\">\n\t\t\t\t\t\t\t\t\t\t\t<span class=\"elementor-icon-list-icon\">\n\t\t\t\t\t\t\t<svg aria-hidden=\"true\" class=\"e-font-icon-svg e-fas-check\" viewbox=\"0 0 512 512\" xmlns=\"http:\/\/www.w3.org\/2000\/svg\"><path d=\"M173.898 439.404l-166.4-166.4c-9.997-9.997-9.997-26.206 0-36.204l36.203-36.204c9.997-9.998 26.207-9.998 36.204 0L192 312.69 432.095 72.596c9.997-9.997 26.207-9.997 36.204 0l36.203 36.204c9.997 9.997 9.997 26.206 0 36.204l-294.4 294.401c-9.998 9.997-26.207 9.997-36.204-.001z\"><\/path><\/svg>\t\t\t\t\t\t<\/span>\n\t\t\t\t\t\t\t\t\t\t<span class=\"elementor-icon-list-text\">Ayuda a mantener tu empresa en cumplimiento y buena reputaci\u00f3n<\/span>\n\t\t\t\t\t\t\t\t\t<\/li>\n\t\t\t\t\t\t<\/ul>\n\t\t\t\t\t\t<\/div>\n\t\t\t\t<\/div>\n\t\t\t\t\t<\/div>\n\t\t\t\t<\/div>\n\t\t<div class=\"elementor-element elementor-element-d29598b e-flex e-con-boxed e-con e-parent\" data-id=\"d29598b\" data-element_type=\"container\">\n\t\t\t\t\t<div class=\"e-con-inner\">\n\t\t\t\t<div class=\"elementor-element elementor-element-d04e0c4 elementor-align-center elementor-widget elementor-widget-button\" data-id=\"d04e0c4\" data-element_type=\"widget\" data-widget_type=\"button.default\">\n\t\t\t\t\t\t\t\t\t\t<a class=\"elementor-button elementor-button-link elementor-size-sm\" href=\"https:\/\/jlconsultingtax.com\/english\/nuestros-servicios\/\">\n\t\t\t\t\t\t<span class=\"elementor-button-content-wrapper\">\n\t\t\t\t\t\t\t\t\t<span class=\"elementor-button-text\">Back to services<\/span>\n\t\t\t\t\t<\/span>\n\t\t\t\t\t<\/a>\n\t\t\t\t\t\t\t\t<\/div>\n\t\t\t\t<div class=\"elementor-element elementor-element-9e61273 elementor-widget elementor-widget-spacer\" data-id=\"9e61273\" data-element_type=\"widget\" data-widget_type=\"spacer.default\">\n\t\t\t\t\t\t\t<div class=\"elementor-spacer\">\n\t\t\t<div class=\"elementor-spacer-inner\"><\/div>\n\t\t<\/div>\n\t\t\t\t\t\t<\/div>\n\t\t\t\t\t<\/div>\n\t\t\t\t<\/div>\n\t\t\t\t<\/div>","protected":false},"excerpt":{"rendered":"<p>Agente Registrado Toda empresa formalmente constituida en Estados Unidos \u2014ya sea una LLC, Corporaci\u00f3n o Entidad sin Fines de Lucro\u2014 est\u00e1 obligada por ley a designar un Agente Registrado en el estado donde opera. Este representante es quien recibe notificaciones oficiales, documentos legales y correspondencia gubernamental en nombre de tu negocio. En JL Consulting Tax [&hellip;]<\/p>","protected":false},"author":1,"featured_media":0,"parent":0,"menu_order":0,"comment_status":"closed","ping_status":"closed","template":"","meta":{"content-type":"","site-sidebar-layout":"no-sidebar","site-content-layout":"","ast-site-content-layout":"full-width-container","site-content-style":"default","site-sidebar-style":"default","ast-global-header-display":"","ast-banner-title-visibility":"","ast-main-header-display":"","ast-hfb-above-header-display":"","ast-hfb-below-header-display":"","ast-hfb-mobile-header-display":"","site-post-title":"disabled","ast-breadcrumbs-content":"","ast-featured-img":"disabled","footer-sml-layout":"","theme-transparent-header-meta":"","adv-header-id-meta":"","stick-header-meta":"","header-above-stick-meta":"","header-main-stick-meta":"","header-below-stick-meta":"","astra-migrate-meta-layouts":"default","ast-page-background-enabled":"default","ast-page-background-meta":{"desktop":{"background-color":"var(--ast-global-color-5)","background-image":"","background-repeat":"repeat","background-position":"center center","background-size":"auto","background-attachment":"scroll","background-type":"","background-media":"","overlay-type":"","overlay-color":"","overlay-opacity":"","overlay-gradient":""},"tablet":{"background-color":"","background-image":"","background-repeat":"repeat","background-position":"center center","background-size":"auto","background-attachment":"scroll","background-type":"","background-media":"","overlay-type":"","overlay-color":"","overlay-opacity":"","overlay-gradient":""},"mobile":{"background-color":"","background-image":"","background-repeat":"repeat","background-position":"center center","background-size":"auto","background-attachment":"scroll","background-type":"","background-media":"","overlay-type":"","overlay-color":"","overlay-opacity":"","overlay-gradient":""}},"ast-content-background-meta":{"desktop":{"background-color":"var(--ast-global-color-4)","background-image":"","background-repeat":"repeat","background-position":"center center","background-size":"auto","background-attachment":"scroll","background-type":"","background-media":"","overlay-type":"","overlay-color":"","overlay-opacity":"","overlay-gradient":""},"tablet":{"background-color":"var(--ast-global-color-4)","background-image":"","background-repeat":"repeat","background-position":"center center","background-size":"auto","background-attachment":"scroll","background-type":"","background-media":"","overlay-type":"","overlay-color":"","overlay-opacity":"","overlay-gradient":""},"mobile":{"background-color":"var(--ast-global-color-4)","background-image":"","background-repeat":"repeat","background-position":"center center","background-size":"auto","background-attachment":"scroll","background-type":"","background-media":"","overlay-type":"","overlay-color":"","overlay-opacity":"","overlay-gradient":""}},"footnotes":""},"class_list":["post-824","page","type-page","status-publish","hentry"],"_links":{"self":[{"href":"https:\/\/jlconsultingtax.com\/english\/wp-json\/wp\/v2\/pages\/824","targetHints":{"allow":["GET"]}}],"collection":[{"href":"https:\/\/jlconsultingtax.com\/english\/wp-json\/wp\/v2\/pages"}],"about":[{"href":"https:\/\/jlconsultingtax.com\/english\/wp-json\/wp\/v2\/types\/page"}],"author":[{"embeddable":true,"href":"https:\/\/jlconsultingtax.com\/english\/wp-json\/wp\/v2\/users\/1"}],"replies":[{"embeddable":true,"href":"https:\/\/jlconsultingtax.com\/english\/wp-json\/wp\/v2\/comments?post=824"}],"version-history":[{"count":10,"href":"https:\/\/jlconsultingtax.com\/english\/wp-json\/wp\/v2\/pages\/824\/revisions"}],"predecessor-version":[{"id":869,"href":"https:\/\/jlconsultingtax.com\/english\/wp-json\/wp\/v2\/pages\/824\/revisions\/869"}],"wp:attachment":[{"href":"https:\/\/jlconsultingtax.com\/english\/wp-json\/wp\/v2\/media?parent=824"}],"curies":[{"name":"wp","href":"https:\/\/api.w.org\/{rel}","templated":true}]}}